{"id":59,"date":"2026-03-27T18:41:17","date_gmt":"2026-03-27T18:41:17","guid":{"rendered":"https:\/\/hjulsporet.dk\/?page_id=59"},"modified":"2026-03-27T18:41:17","modified_gmt":"2026-03-27T18:41:17","slug":"om-akivet","status":"publish","type":"page","link":"http:\/\/hjulsporet.dk\/nyt\/?page_id=59","title":{"rendered":"Om akivet"},"content":{"rendered":"\n<p><em><strong>\u00c5bningstider:<\/strong><\/em><\/p>\n\n\n\n<p>Tirsdage fra kl. 1300 til 1630 eller efter aftale p\u00e5 tlf. 30 48 35 58<\/p>\n\n\n\n<p>\u2013 o \u2013 o \u2013 o \u2013<\/p>\n\n\n\n<p>\u201cLokalhistorisk Samling\u201c kan fremvise en righoldig samling af \u00e6ldre brugsting, kniplinger og billeder.<\/p>\n\n\n\n<p>Vi modtager fortsat gerne billeder og beretninger, der kan v\u00e6re med til at belyse egnens historie.<\/p>\n\n\n\n<p>I Lokalhistorisk Arkiv samler og opbevarer vi arkivalier fra foreninger, private og erhverv.<\/p>\n\n\n\n<p>Vi er gerne behj\u00e6lpelige med at sortere fra, hvad der b\u00f8r gemmes.<\/p>\n\n\n\n<p><em>Vi plejer at sige: Er du i tvivl, s\u00e5 sp\u00f8rg arkivet f\u00f8r du kasserer noget. Husk nutiden bliver fortid, og m\u00e5ske er det lige din oplysning, vi mangler.<\/em><\/p>\n\n\n\n<p>Du er med til at bestemme om det afleverede materiale kan benyttes alment eller om det eventuelt skal beh\u00e6ftes med en klausul om senere eller begr\u00e6nset tilg\u00e6ngelighed.&nbsp;<\/p>\n\n\n\n<p>Du kan bl.a. g\u00f8re brug af arkivet:<\/p>\n\n\n\n<p><em>\u2013 til at f\u00e5 noget at vide om egnens historie<\/em><\/p>\n\n\n\n<p><em>\u2013 til at s\u00f8ge din sl\u00e6gt (sl\u00e6gtsforskning)<\/em><\/p>\n\n\n\n<p><em>\u2013 til at s\u00f8ge oplysninger om din egen eller andre ejendommes historie.<\/em><\/p>\n\n\n\n<p>Arkivet har, udover lokal indsamlet materiale, kopier af kirkeb\u00f8ger, folket\u00e6llingslister, \u00e6ldre matrikler, udskiftningsakter m.m. for de 5 sogne, Brede, Ballum, Randerup, Skast og Visby.<\/p>\n\n\n\n<p>Til brug ved sl\u00e6gtsforskning foreligger et stort antal sl\u00e6gts- og anetavler.<\/p>\n\n\n\n<p>Hj\u00e6lp til at fremfinde oplysninger ydes gerne.<\/p>\n\n\n\n<p>Der forefindes ogs\u00e5 utroligt mange billeder\/malerier af begivenheder, personer og ejendomme, men vi \u00f8nsker gerne flere billeder, dias, video, film\/smalfilm og beskrivelser af netop&nbsp; din ejendom, dit hus!<\/p>\n\n\n\n<p>Af interesse er jo is\u00e6r sognets nye udstykninger, s\u00e5 tag et billede, beskriv dit hus, evt. lidt om byggeriet m.m. Dit nye hus bliver jo ogs\u00e5 af historisk interesse engang, og vi vil s\u00e5 gerne samle dette til vore efterkommere, s\u00e5 de forh\u00e5bentlig kan gl\u00e6des over fortiden!<\/p>\n\n\n\n<p>Ogs\u00e5 beskrivelser af om \u2013 og tilbygning af \u00e6ldre huse er af stor interesse \u2013 og meget gerne hvem, der bor der nu, samt evt. oplysning om tidligere beboere\/ejere.<\/p>\n\n\n\n<p>&nbsp;&nbsp;&nbsp;&nbsp;&nbsp;&nbsp;&nbsp;&nbsp;&nbsp;&nbsp;&nbsp;&nbsp;&nbsp;&nbsp;&nbsp;&nbsp;&nbsp;&nbsp;&nbsp;&nbsp;&nbsp;&nbsp;&nbsp;&nbsp;&nbsp;&nbsp;&nbsp;&nbsp;&nbsp;&nbsp;&nbsp;&nbsp;&nbsp;&nbsp;&nbsp;&nbsp;&nbsp;&nbsp;&nbsp;&nbsp;&nbsp;&nbsp;&nbsp;&nbsp;&nbsp;&nbsp;&nbsp;&nbsp;&nbsp;&nbsp;&nbsp;&nbsp;&nbsp;&nbsp;&nbsp;&nbsp;&nbsp;&nbsp;&nbsp;&nbsp;&nbsp;&nbsp;&nbsp;&nbsp;&nbsp;&nbsp;&nbsp;&nbsp;&nbsp;&nbsp;&nbsp;&nbsp;&nbsp;&nbsp;&nbsp;&nbsp;&nbsp;&nbsp;&nbsp;&nbsp;&nbsp;&nbsp;&nbsp;&nbsp;&nbsp;&nbsp;&nbsp;&nbsp;&nbsp;&nbsp;&nbsp;&nbsp;&nbsp;&nbsp;&nbsp;&nbsp;&nbsp;&nbsp;&nbsp;&nbsp;&nbsp;&nbsp;&nbsp;&nbsp;&nbsp;&nbsp;&nbsp;&nbsp;&nbsp;&nbsp;&nbsp;&nbsp;&nbsp;&nbsp;&nbsp;&nbsp;&nbsp;&nbsp;&nbsp;&nbsp;&nbsp;&nbsp;&nbsp;&nbsp;&nbsp;&nbsp;&nbsp;&nbsp;&nbsp;&nbsp;&nbsp;&nbsp;&nbsp;&nbsp;&nbsp;&nbsp;&nbsp;&nbsp;&nbsp;&nbsp;&nbsp;&nbsp;&nbsp;&nbsp;&nbsp; Tak!<\/p>\n\n\n\n<p>I er meget velkomne til at maile det til os, men I er ogs\u00e5 altid velkomne heroppe p\u00e5 arkivet.<\/p>\n","protected":false},"excerpt":{"rendered":"<p>\u00c5bningstider: Tirsdage fra kl. 1300 til 1630 eller efter aftale p\u00e5 tlf. 30 48 35 58 \u2013 o \u2013 o \u2013 o \u2013 \u201cLokalhistorisk Samling\u201c kan fremvise en righoldig samling af \u00e6ldre brugsting, kniplinger og billeder. Vi modtager fortsat gerne <span class=\"excerpt-dots\">&hellip;<\/span> <a class=\"more-link\" href=\"http:\/\/hjulsporet.dk\/nyt\/?page_id=59\"><span class=\"more-msg\">L\u00e6s resten &rarr;<\/span><\/a><\/p>\n","protected":false},"author":1,"featured_media":0,"parent":0,"menu_order":0,"comment_status":"closed","ping_status":"closed","template":"","meta":{"footnotes":""},"class_list":["post-59","page","type-page","status-publish","hentry"],"_links":{"self":[{"href":"http:\/\/hjulsporet.dk\/nyt\/index.php?rest_route=\/wp\/v2\/pages\/59","targetHints":{"allow":["GET"]}}],"collection":[{"href":"http:\/\/hjulsporet.dk\/nyt\/index.php?rest_route=\/wp\/v2\/pages"}],"about":[{"href":"http:\/\/hjulsporet.dk\/nyt\/index.php?rest_route=\/wp\/v2\/types\/page"}],"author":[{"embeddable":true,"href":"http:\/\/hjulsporet.dk\/nyt\/index.php?rest_route=\/wp\/v2\/users\/1"}],"replies":[{"embeddable":true,"href":"http:\/\/hjulsporet.dk\/nyt\/index.php?rest_route=%2Fwp%2Fv2%2Fcomments&post=59"}],"version-history":[{"count":0,"href":"http:\/\/hjulsporet.dk\/nyt\/index.php?rest_route=\/wp\/v2\/pages\/59\/revisions"}],"wp:attachment":[{"href":"http:\/\/hjulsporet.dk\/nyt\/index.php?rest_route=%2Fwp%2Fv2%2Fmedia&parent=59"}],"curies":[{"name":"wp","href":"https:\/\/api.w.org\/{rel}","templated":true}]}}