{"id":69,"date":"2026-03-27T21:48:27","date_gmt":"2026-03-27T21:48:27","guid":{"rendered":"https:\/\/hjulsporet.dk\/?page_id=69"},"modified":"2026-03-27T21:48:27","modified_gmt":"2026-03-27T21:48:27","slug":"medarbejdere","status":"publish","type":"page","link":"http:\/\/hjulsporet.dk\/nyt\/?page_id=69","title":{"rendered":"Medarbejdere"},"content":{"rendered":"\n<p style=\"text-decoration:underline\"><strong><em>Daglig leder:<\/em><\/strong><\/p>\n\n\n\n<p><strong>Gunnar Jensen<\/strong><\/p>\n\n\n\n<p><em><strong>\u00d8vrige medarbejdere:<\/strong><\/em><\/p>\n\n\n\n<p><strong>Iver Jensen<\/strong><\/p>\n\n\n\n<p><strong>Kirsten M\u00f8ller<\/strong><\/p>\n\n\n\n<p>Betty Tj\u00f8rnelund<\/p>\n\n\n\n<p><strong>Niels Chr. Thomsen<\/strong><\/p>\n\n\n\n<p><strong>Ingrid Walz<\/strong><\/p>\n\n\n\n<p>Lone H Hansen<\/p>\n\n\n\n<p>Claus Andersen<\/p>\n\n\n\n<p>Frode A. Jensen<\/p>\n\n\n\n<p><\/p>\n","protected":false},"excerpt":{"rendered":"<p>Daglig leder: Gunnar Jensen \u00d8vrige medarbejdere: Iver Jensen Kirsten M\u00f8ller Betty Tj\u00f8rnelund Niels Chr. Thomsen Ingrid Walz Lone H Hansen Claus Andersen Frode A. Jensen<\/p>\n <a class=\"more-link\" href=\"http:\/\/hjulsporet.dk\/nyt\/?page_id=69\"><span class=\"more-msg\">L\u00e6s resten &rarr;<\/span><\/a>","protected":false},"author":1,"featured_media":0,"parent":0,"menu_order":0,"comment_status":"closed","ping_status":"closed","template":"","meta":{"footnotes":""},"class_list":["post-69","page","type-page","status-publish","hentry"],"_links":{"self":[{"href":"http:\/\/hjulsporet.dk\/nyt\/index.php?rest_route=\/wp\/v2\/pages\/69","targetHints":{"allow":["GET"]}}],"collection":[{"href":"http:\/\/hjulsporet.dk\/nyt\/index.php?rest_route=\/wp\/v2\/pages"}],"about":[{"href":"http:\/\/hjulsporet.dk\/nyt\/index.php?rest_route=\/wp\/v2\/types\/page"}],"author":[{"embeddable":true,"href":"http:\/\/hjulsporet.dk\/nyt\/index.php?rest_route=\/wp\/v2\/users\/1"}],"replies":[{"embeddable":true,"href":"http:\/\/hjulsporet.dk\/nyt\/index.php?rest_route=%2Fwp%2Fv2%2Fcomments&post=69"}],"version-history":[{"count":0,"href":"http:\/\/hjulsporet.dk\/nyt\/index.php?rest_route=\/wp\/v2\/pages\/69\/revisions"}],"wp:attachment":[{"href":"http:\/\/hjulsporet.dk\/nyt\/index.php?rest_route=%2Fwp%2Fv2%2Fmedia&parent=69"}],"curies":[{"name":"wp","href":"https:\/\/api.w.org\/{rel}","templated":true}]}}