{"id":98,"date":"2026-03-28T09:07:40","date_gmt":"2026-03-28T09:07:40","guid":{"rendered":"https:\/\/hjulsporet.dk\/?page_id=98"},"modified":"2026-04-04T21:05:32","modified_gmt":"2026-04-04T21:05:32","slug":"links","status":"publish","type":"page","link":"http:\/\/hjulsporet.dk\/nyt\/?page_id=98","title":{"rendered":"Links"},"content":{"rendered":"\n<h2 class=\"wp-block-heading\">Links til andre interessante sider.<\/h2>\n\n\n\n<p>Klik p\u00e5 et billede for at \u00e5bne respektive sider (siderne \u00e5bner i nye faner):<\/p>\n\n\n<div class=\"wp-block-image\">\n<figure class=\"alignleft size-full is-resized\"><a href=\"http:\/\/findengrav.dk\" target=\"_blank\" rel=\" noreferrer noopener\"><img loading=\"lazy\" decoding=\"async\" width=\"804\" height=\"102\" src=\"http:\/\/hjulsporet.dk\/nyt\/wp-content\/uploads\/2026\/04\/image-1.png\" alt=\"\" class=\"wp-image-277\" style=\"aspect-ratio:6.974264705882353;width:419px;height:auto\" srcset=\"http:\/\/hjulsporet.dk\/nyt\/wp-content\/uploads\/2026\/04\/image-1.png 804w, http:\/\/hjulsporet.dk\/nyt\/wp-content\/uploads\/2026\/04\/image-1-300x38.png 300w, http:\/\/hjulsporet.dk\/nyt\/wp-content\/uploads\/2026\/04\/image-1-768x97.png 768w\" sizes=\"auto, (max-width: 804px) 100vw, 804px\" \/><\/a><\/figure>\n<\/div>\n\n\n<p><strong>Find en grav<\/strong>&nbsp;\u2013 et gratis online opslagsv\u00e6rk for genealogi interesserede. Her kan du s\u00f8ge efter dine aners gravsteder og se billeder af deres gravsten.<\/p>\n\n\n\n<p><\/p>\n\n\n\n<figure class=\"wp-block-image size-full is-resized\"><a href=\"http:\/\/arkiv.dk\" target=\"_blank\" rel=\" noreferrer noopener\"><img loading=\"lazy\" decoding=\"async\" width=\"790\" height=\"375\" src=\"http:\/\/hjulsporet.dk\/nyt\/wp-content\/uploads\/2026\/04\/image-2.png\" alt=\"\" class=\"wp-image-282\" style=\"aspect-ratio:2.106784423926134;width:259px;height:auto\" srcset=\"http:\/\/hjulsporet.dk\/nyt\/wp-content\/uploads\/2026\/04\/image-2.png 790w, http:\/\/hjulsporet.dk\/nyt\/wp-content\/uploads\/2026\/04\/image-2-300x142.png 300w, http:\/\/hjulsporet.dk\/nyt\/wp-content\/uploads\/2026\/04\/image-2-768x365.png 768w\" sizes=\"auto, (max-width: 790px) 100vw, 790px\" \/><\/a><figcaption class=\"wp-element-caption\">Vil du vide mere om din historie kan du s\u00f8ge her<\/figcaption><\/figure>\n\n\n\n<p><\/p>\n","protected":false},"excerpt":{"rendered":"<p>Links til andre interessante sider. Klik p\u00e5 et billede for at \u00e5bne respektive sider (siderne \u00e5bner i nye faner): Find en grav&nbsp;\u2013 et gratis online opslagsv\u00e6rk for genealogi interesserede. Her kan du s\u00f8ge efter dine aners gravsteder og se billeder <span class=\"excerpt-dots\">&hellip;<\/span> <a class=\"more-link\" href=\"http:\/\/hjulsporet.dk\/nyt\/?page_id=98\"><span class=\"more-msg\">L\u00e6s resten &rarr;<\/span><\/a><\/p>\n","protected":false},"author":1,"featured_media":0,"parent":0,"menu_order":0,"comment_status":"closed","ping_status":"closed","template":"","meta":{"footnotes":""},"class_list":["post-98","page","type-page","status-publish","hentry"],"_links":{"self":[{"href":"http:\/\/hjulsporet.dk\/nyt\/index.php?rest_route=\/wp\/v2\/pages\/98","targetHints":{"allow":["GET"]}}],"collection":[{"href":"http:\/\/hjulsporet.dk\/nyt\/index.php?rest_route=\/wp\/v2\/pages"}],"about":[{"href":"http:\/\/hjulsporet.dk\/nyt\/index.php?rest_route=\/wp\/v2\/types\/page"}],"author":[{"embeddable":true,"href":"http:\/\/hjulsporet.dk\/nyt\/index.php?rest_route=\/wp\/v2\/users\/1"}],"replies":[{"embeddable":true,"href":"http:\/\/hjulsporet.dk\/nyt\/index.php?rest_route=%2Fwp%2Fv2%2Fcomments&post=98"}],"version-history":[{"count":4,"href":"http:\/\/hjulsporet.dk\/nyt\/index.php?rest_route=\/wp\/v2\/pages\/98\/revisions"}],"predecessor-version":[{"id":354,"href":"http:\/\/hjulsporet.dk\/nyt\/index.php?rest_route=\/wp\/v2\/pages\/98\/revisions\/354"}],"wp:attachment":[{"href":"http:\/\/hjulsporet.dk\/nyt\/index.php?rest_route=%2Fwp%2Fv2%2Fmedia&parent=98"}],"curies":[{"name":"wp","href":"https:\/\/api.w.org\/{rel}","templated":true}]}}